{"id":33,"date":"2023-12-18T16:07:04","date_gmt":"2023-12-18T16:07:04","guid":{"rendered":"https:\/\/prowork.iscte-iul.pt\/?page_id=33"},"modified":"2024-03-02T19:21:23","modified_gmt":"2024-03-02T19:21:23","slug":"contactos","status":"publish","type":"page","link":"https:\/\/prowork.iscte-iul.pt\/en\/contactos\/","title":{"rendered":"Contact"},"content":{"rendered":"<p><strong>Email<\/strong>: prowork@iscte-iul.pt<\/p>\n\n\n\n<div style=\"height:50px\" aria-hidden=\"true\" class=\"wp-block-spacer\"><\/div>\n\n\n\n<div class=\"wp-block-columns alignwide is-layout-flex wp-container-core-columns-is-layout-d2da2050 wp-block-columns-is-layout-flex\" style=\"margin-bottom:0\">\n<div class=\"wp-block-column has-contrast-color has-text-color has-background has-link-color wp-elements-498edaaba326ef69edab3612988a8e96 is-layout-flow wp-block-column-is-layout-flow\" style=\"background-color:#f3f3f3;padding-top:1em;padding-right:2em;padding-bottom:1em;padding-left:2em;font-size:clamp(0.875rem, 0.875rem + ((1vw - 0.2rem) * 0.156), 1rem);\">\n<h2 class=\"wp-block-heading has-text-align-center\" id=\"single\" style=\"font-size:clamp(14px, 0.875rem + ((1vw - 3.2px) * 0.469), 20px);\"><strong>CIES-Iscte<\/strong><\/h2>\n\n\n\n<p class=\"has-text-align-center\" style=\"font-size:clamp(0.875rem, 0.875rem + ((1vw - 0.2rem) * 0.156), 1rem);line-height:1.3\"><strong>Centre for Research and Studies in Sociology<\/strong> <\/p>\n\n\n\n<p style=\"font-size:clamp(0.875rem, 0.875rem + ((1vw - 0.2rem) * 0.156), 1rem);line-height:1.3\">Iscte - University Institute of Lisbon<br>Building 4, Room 125<br>Av. das For\u00e7as Armadas, 40<br>1649-026 Lisboa <\/p>\n\n\n\n<p style=\"font-size:clamp(0.875rem, 0.875rem + ((1vw - 0.2rem) * 0.156), 1rem);line-height:1.5\">(+351) 21 046 40 18<\/p>\n\n\n\n<p style=\"font-size:clamp(0.875rem, 0.875rem + ((1vw - 0.2rem) * 0.156), 1rem);line-height:1.5\"><a href=\"mailto:cies@iscte-iul.pt\">cies@iscte-iul.pt<\/a><\/p>\n\n\n\n<ul class=\"wp-block-social-links aligncenter is-layout-flex wp-block-social-links-is-layout-flex\"><li class=\"wp-social-link wp-social-link-chain  wp-block-social-link\"><a href=\"https:\/\/cies.iscte-iul.pt\/\" class=\"wp-block-social-link-anchor\"><svg width=\"24\" height=\"24\" viewbox=\"0 0 24 24\" version=\"1.1\" xmlns=\"http:\/\/www.w3.org\/2000\/svg\" aria-hidden=\"true\" focusable=\"false\"><path d=\"M15.6,7.2H14v1.5h1.6c2,0,3.7,1.7,3.7,3.7s-1.7,3.7-3.7,3.7H14v1.5h1.6c2.8,0,5.2-2.3,5.2-5.2,0-2.9-2.3-5.2-5.2-5.2zM4.7,12.4c0-2,1.7-3.7,3.7-3.7H10V7.2H8.4c-2.9,0-5.2,2.3-5.2,5.2,0,2.9,2.3,5.2,5.2,5.2H10v-1.5H8.4c-2,0-3.7-1.7-3.7-3.7zm4.6.9h5.3v-1.5H9.3v1.5z\"><\/path><\/svg><span class=\"wp-block-social-link-label screen-reader-text\">Link<\/span><\/a><\/li><\/ul>\n<\/div>\n\n\n\n<div class=\"wp-block-column has-contrast-color has-text-color has-background has-link-color wp-elements-9fcd1ed5d46dd6cde96e64e514873fb7 is-layout-flow wp-block-column-is-layout-flow\" style=\"background-color:#f3f3f3;padding-top:1em;padding-right:2em;padding-bottom:1em;padding-left:2em;font-size:clamp(0.875rem, 0.875rem + ((1vw - 0.2rem) * 0.156), 1rem);\">\n<h2 class=\"wp-block-heading has-text-align-center\" id=\"family\" style=\"font-size:clamp(14px, 0.875rem + ((1vw - 3.2px) * 0.469), 20px);\"><strong>CIUCHT-NOVA.ID<\/strong><\/h2>\n\n\n\n<p class=\"has-text-align-center\" style=\"font-size:clamp(0.875rem, 0.875rem + ((1vw - 0.2rem) * 0.156), 1rem);line-height:1.3\"><strong>Centro Interuniversit\u00e1rio de Hist\u00f3ria das Ci\u00eancias e da Tecnologia<\/strong><\/p>\n\n\n\n<p style=\"font-size:clamp(0.875rem, 0.875rem + ((1vw - 0.2rem) * 0.156), 1rem);line-height:1.3\">NOVA School of Science and Technology, Caparica Campus, Building VII, 2nd floor<br>2829-516 Caparica<\/p>\n\n\n\n<p style=\"font-size:clamp(0.875rem, 0.875rem + ((1vw - 0.2rem) * 0.156), 1rem);line-height:1.3\">(+351) 21 294 85 03<\/p>\n\n\n\n<p style=\"font-size:clamp(0.875rem, 0.875rem + ((1vw - 0.2rem) * 0.156), 1rem);line-height:1.3\"><a href=\"mailto:ciuhct.secretariado@fct.unl.pt\">ciuhct.secretariado@fct.unl.pt<\/a><\/p>\n\n\n\n<ul class=\"wp-block-social-links aligncenter is-layout-flex wp-block-social-links-is-layout-flex\"><li class=\"wp-social-link wp-social-link-chain  wp-block-social-link\"><a href=\"https:\/\/ciuhct.org\/\" class=\"wp-block-social-link-anchor\"><svg width=\"24\" height=\"24\" viewbox=\"0 0 24 24\" version=\"1.1\" xmlns=\"http:\/\/www.w3.org\/2000\/svg\" aria-hidden=\"true\" focusable=\"false\"><path d=\"M15.6,7.2H14v1.5h1.6c2,0,3.7,1.7,3.7,3.7s-1.7,3.7-3.7,3.7H14v1.5h1.6c2.8,0,5.2-2.3,5.2-5.2,0-2.9-2.3-5.2-5.2-5.2zM4.7,12.4c0-2,1.7-3.7,3.7-3.7H10V7.2H8.4c-2.9,0-5.2,2.3-5.2,5.2,0,2.9,2.3,5.2,5.2,5.2H10v-1.5H8.4c-2,0-3.7-1.7-3.7-3.7zm4.6.9h5.3v-1.5H9.3v1.5z\"><\/path><\/svg><span class=\"wp-block-social-link-label screen-reader-text\">Link<\/span><\/a><\/li><\/ul>\n\n\n\n<div class=\"wp-block-buttons alignfull is-horizontal is-content-justification-center is-layout-flex wp-container-core-buttons-is-layout-03627597 wp-block-buttons-is-layout-flex\"><\/div>\n<\/div>\n\n\n\n<div class=\"wp-block-column has-contrast-color has-text-color has-background has-link-color wp-elements-0db9f72a31b145ae8e9f2f33e48a521e is-layout-flow wp-block-column-is-layout-flow\" style=\"background-color:#f3f3f3;padding-top:1em;padding-right:2em;padding-bottom:1em;padding-left:2em;font-size:clamp(0.875rem, 0.875rem + ((1vw - 0.2rem) * 0.156), 1rem);\">\n<h2 class=\"wp-block-heading has-text-align-center\" id=\"patron\" style=\"font-size:clamp(14px, 0.875rem + ((1vw - 3.2px) * 0.469), 20px);\"><strong>CRIA<\/strong><\/h2>\n\n\n\n<p class=\"has-text-align-center\" style=\"font-size:clamp(0.875rem, 0.875rem + ((1vw - 0.2rem) * 0.156), 1rem);line-height:1.3\"><strong>Centre for Research in Anthropology<\/strong><\/p>\n\n\n\n<p style=\"font-size:clamp(0.875rem, 0.875rem + ((1vw - 0.2rem) * 0.156), 1rem);line-height:1.3\">Iscte - University Institute of Lisbon<br>Building 4, Room B1.130<br>Av. For\u00e7as Armadas, 40<br>1649-026 Lisboa<\/p>\n\n\n\n<p style=\"font-size:clamp(0.875rem, 0.875rem + ((1vw - 0.2rem) * 0.156), 1rem);\">(+351) 21 046 40 57<\/p>\n\n\n\n<p style=\"font-size:clamp(0.875rem, 0.875rem + ((1vw - 0.2rem) * 0.156), 1rem);\">cria@cria.org.pt<\/p>\n\n\n\n<ul class=\"wp-block-social-links aligncenter is-layout-flex wp-block-social-links-is-layout-flex\"><li class=\"wp-social-link wp-social-link-chain  wp-block-social-link\"><a href=\"https:\/\/cria.org.pt\/pt\" class=\"wp-block-social-link-anchor\"><svg width=\"24\" height=\"24\" viewbox=\"0 0 24 24\" version=\"1.1\" xmlns=\"http:\/\/www.w3.org\/2000\/svg\" aria-hidden=\"true\" focusable=\"false\"><path d=\"M15.6,7.2H14v1.5h1.6c2,0,3.7,1.7,3.7,3.7s-1.7,3.7-3.7,3.7H14v1.5h1.6c2.8,0,5.2-2.3,5.2-5.2,0-2.9-2.3-5.2-5.2-5.2zM4.7,12.4c0-2,1.7-3.7,3.7-3.7H10V7.2H8.4c-2.9,0-5.2,2.3-5.2,5.2,0,2.9,2.3,5.2,5.2,5.2H10v-1.5H8.4c-2,0-3.7-1.7-3.7-3.7zm4.6.9h5.3v-1.5H9.3v1.5z\"><\/path><\/svg><span class=\"wp-block-social-link-label screen-reader-text\">Link<\/span><\/a><\/li><\/ul>\n\n\n\n<div class=\"wp-block-buttons alignfull is-horizontal is-content-justification-center is-layout-flex wp-container-core-buttons-is-layout-03627597 wp-block-buttons-is-layout-flex\"><\/div>\n<\/div>\n<\/div>","protected":false},"excerpt":{"rendered":"<p>Email: prowork@iscte-iul.pt CIES-Iscte Centro de Investiga\u00e7\u00e3o e Estudos de Sociologia Iscte-Instituto Universit\u00e1rio de LisboaEdif\u00edcio 4, Sala 125Av. das For\u00e7as Armadas, 401649-026 Lisboa (+351) 21 046 40 18 cies@iscte-iul.pt CIUCHT-NOVA.ID Centro Interuniversit\u00e1rio de Hist\u00f3ria das Ci\u00eancias e da Tecnologia Faculdade de Ci\u00eancias e Tecnologia, Campus de Caparica, Edif. VII, Piso 22829-516 Caparica (+351) 21 294 85 [&hellip;]<\/p>","protected":false},"author":1,"featured_media":0,"parent":0,"menu_order":4,"comment_status":"closed","ping_status":"closed","template":"","meta":{"_uag_custom_page_level_css":"","footnotes":""},"class_list":["post-33","page","type-page","status-publish","hentry"],"uagb_featured_image_src":{"full":false,"thumbnail":false,"medium":false,"medium_large":false,"large":false,"1536x1536":false,"2048x2048":false,"trp-custom-language-flag":false},"uagb_author_info":{"display_name":"jsmes","author_link":"https:\/\/prowork.iscte-iul.pt\/en\/author\/jsmes\/"},"uagb_comment_info":0,"uagb_excerpt":"Email: prowork@iscte-iul.pt CIES-Iscte Centro de Investiga\u00e7\u00e3o e Estudos de Sociologia Iscte-Instituto Universit\u00e1rio de LisboaEdif\u00edcio 4, Sala 125Av. das For\u00e7as Armadas, 401649-026 Lisboa (+351) 21 046 40 18 cies@iscte-iul.pt CIUCHT-NOVA.ID Centro Interuniversit\u00e1rio de Hist\u00f3ria das Ci\u00eancias e da Tecnologia Faculdade de Ci\u00eancias e Tecnologia, Campus de Caparica, Edif. VII, Piso 22829-516 Caparica (+351) 21 294 85&hellip;","_links":{"self":[{"href":"https:\/\/prowork.iscte-iul.pt\/en\/wp-json\/wp\/v2\/pages\/33","targetHints":{"allow":["GET"]}}],"collection":[{"href":"https:\/\/prowork.iscte-iul.pt\/en\/wp-json\/wp\/v2\/pages"}],"about":[{"href":"https:\/\/prowork.iscte-iul.pt\/en\/wp-json\/wp\/v2\/types\/page"}],"author":[{"embeddable":true,"href":"https:\/\/prowork.iscte-iul.pt\/en\/wp-json\/wp\/v2\/users\/1"}],"replies":[{"embeddable":true,"href":"https:\/\/prowork.iscte-iul.pt\/en\/wp-json\/wp\/v2\/comments?post=33"}],"version-history":[{"count":13,"href":"https:\/\/prowork.iscte-iul.pt\/en\/wp-json\/wp\/v2\/pages\/33\/revisions"}],"predecessor-version":[{"id":484,"href":"https:\/\/prowork.iscte-iul.pt\/en\/wp-json\/wp\/v2\/pages\/33\/revisions\/484"}],"wp:attachment":[{"href":"https:\/\/prowork.iscte-iul.pt\/en\/wp-json\/wp\/v2\/media?parent=33"}],"curies":[{"name":"wp","href":"https:\/\/api.w.org\/{rel}","templated":true}]}}