{"id":136,"date":"2024-02-11T20:58:12","date_gmt":"2024-02-11T20:58:12","guid":{"rendered":"https:\/\/prowork.iscte-iul.pt\/?page_id=136"},"modified":"2024-09-20T10:33:18","modified_gmt":"2024-09-20T10:33:18","slug":"comunicacoes","status":"publish","type":"page","link":"https:\/\/prowork.iscte-iul.pt\/en\/resultados\/comunicacoes\/","title":{"rendered":"Presentations"},"content":{"rendered":"<div class=\"wp-block-columns alignfull is-layout-flex wp-container-core-columns-is-layout-28f84493 wp-block-columns-is-layout-flex\">\n<div class=\"wp-block-column is-vertically-aligned-center is-layout-flow wp-block-column-is-layout-flow\" style=\"padding-top:1em;padding-right:1em;padding-bottom:1em;padding-left:1em\">\n<div class=\"wp-block-columns is-layout-flex wp-container-core-columns-is-layout-28f84493 wp-block-columns-is-layout-flex\">\n<div class=\"wp-block-column is-layout-flow wp-block-column-is-layout-flow\" style=\"flex-basis:320px\">\n<p class=\"has-x-small-font-size\" style=\"line-height:1.2\"><strong>16th European Sociological Association (ESA) Conference<\/strong><\/p>\n\n\n\n<p style=\"font-size:clamp(0.875rem, 0.875rem + ((1vw - 0.2rem) * 0.156), 1rem);line-height:1\">RN17 &#8211; Work, Employment and Industrial Relations | Porto, Agosto 2024<\/p>\n<\/div>\n<\/div>\n<\/div>\n\n\n\n<div class=\"wp-block-column is-layout-flow wp-block-column-is-layout-flow\" style=\"flex-basis:50%\">\n<div class=\"wp-block-cover wp-duotone-default-filter\" style=\"min-height:395px;aspect-ratio:unset;\"><span aria-hidden=\"true\" class=\"wp-block-cover__background has-background-dim-100 has-background-dim\" style=\"background-color:#f6f6f6\"><\/span><div class=\"wp-block-cover__inner-container is-layout-flow wp-block-cover-is-layout-flow\">\n<figure class=\"wp-block-image aligncenter size-medium wp-duotone-763dfb-ffffff-1\"><a href=\"https:\/\/prowork.iscte-iul.pt\/wp-content\/uploads\/2024\/09\/Prowork_ESA_2024.pdf\"><img loading=\"lazy\" decoding=\"async\" width=\"300\" height=\"169\" src=\"https:\/\/prowork.iscte-iul.pt\/wp-content\/uploads\/2024\/09\/Prowork_ESA_2024_Veloso_et_al-300x169.png\" alt=\"\" class=\"wp-image-651\" style=\"aspect-ratio:4\/3;object-fit:contain\" srcset=\"https:\/\/prowork.iscte-iul.pt\/wp-content\/uploads\/2024\/09\/Prowork_ESA_2024_Veloso_et_al-300x169.png 300w, https:\/\/prowork.iscte-iul.pt\/wp-content\/uploads\/2024\/09\/Prowork_ESA_2024_Veloso_et_al-1024x576.png 1024w, https:\/\/prowork.iscte-iul.pt\/wp-content\/uploads\/2024\/09\/Prowork_ESA_2024_Veloso_et_al-768x432.png 768w, https:\/\/prowork.iscte-iul.pt\/wp-content\/uploads\/2024\/09\/Prowork_ESA_2024_Veloso_et_al-1536x864.png 1536w, https:\/\/prowork.iscte-iul.pt\/wp-content\/uploads\/2024\/09\/Prowork_ESA_2024_Veloso_et_al-18x10.png 18w, https:\/\/prowork.iscte-iul.pt\/wp-content\/uploads\/2024\/09\/Prowork_ESA_2024_Veloso_et_al.png 1557w\" sizes=\"auto, (max-width: 300px) 100vw, 300px\" \/><\/a><\/figure>\n<\/div><\/div>\n<\/div>\n<\/div>\n\n\n\n<div class=\"wp-block-columns alignfull is-layout-flex wp-container-core-columns-is-layout-28f84493 wp-block-columns-is-layout-flex\">\n<div class=\"wp-block-column is-layout-flow wp-block-column-is-layout-flow\" style=\"flex-basis:50%\">\n<div class=\"wp-block-cover is-light wp-duotone-default-filter\" style=\"min-height:395px;aspect-ratio:unset;\"><span aria-hidden=\"true\" class=\"wp-block-cover__background has-background-dim-100 has-background-dim\" style=\"background-color:#f6f6f6\"><\/span><div class=\"wp-block-cover__inner-container is-layout-flow wp-block-cover-is-layout-flow\">\n<figure class=\"wp-block-image aligncenter size-medium wp-duotone-763dfb-ffffff-2\"><a href=\"https:\/\/prowork.iscte-iul.pt\/wp-content\/uploads\/2024\/09\/Prowork-Benjamin_2024.pdf\"><img loading=\"lazy\" decoding=\"async\" width=\"300\" height=\"169\" src=\"https:\/\/prowork.iscte-iul.pt\/wp-content\/uploads\/2024\/05\/Veloso_Marques_2024-300x169.png\" alt=\"\" class=\"wp-image-630\" style=\"aspect-ratio:4\/3;object-fit:contain\" srcset=\"https:\/\/prowork.iscte-iul.pt\/wp-content\/uploads\/2024\/05\/Veloso_Marques_2024-300x169.png 300w, https:\/\/prowork.iscte-iul.pt\/wp-content\/uploads\/2024\/05\/Veloso_Marques_2024-1024x576.png 1024w, https:\/\/prowork.iscte-iul.pt\/wp-content\/uploads\/2024\/05\/Veloso_Marques_2024-768x432.png 768w, https:\/\/prowork.iscte-iul.pt\/wp-content\/uploads\/2024\/05\/Veloso_Marques_2024-1536x864.png 1536w, https:\/\/prowork.iscte-iul.pt\/wp-content\/uploads\/2024\/05\/Veloso_Marques_2024-18x10.png 18w, https:\/\/prowork.iscte-iul.pt\/wp-content\/uploads\/2024\/05\/Veloso_Marques_2024.png 1557w\" sizes=\"auto, (max-width: 300px) 100vw, 300px\" \/><\/a><\/figure>\n<\/div><\/div>\n<\/div>\n\n\n\n<div class=\"wp-block-column is-vertically-aligned-center is-layout-flow wp-block-column-is-layout-flow\" style=\"padding-top:1em;padding-right:1em;padding-bottom:1em;padding-left:1em\">\n<div class=\"wp-block-columns is-layout-flex wp-container-core-columns-is-layout-28f84493 wp-block-columns-is-layout-flex\">\n<div class=\"wp-block-column is-layout-flow wp-block-column-is-layout-flow\" style=\"flex-basis:320px\">\n<p class=\"has-x-small-font-size\" style=\"line-height:1.3\"><strong><strong>A symposium on Walter Benjamin and methods in management and organization studies<\/strong><\/strong><\/p>\n\n\n\n<p style=\"font-size:clamp(0.875rem, 0.875rem + ((1vw - 0.2rem) * 0.156), 1rem);line-height:1.3\"> <em>&#8220;Projectifying work: old ideas turned new in contemporary capitalist organisation models<\/em>&#8221;&nbsp;|Anglia Ruskin University, Cambridge, Maio 2024<\/p>\n<\/div>\n<\/div>\n<\/div>\n<\/div>\n\n\n\n<div class=\"wp-block-columns alignfull is-layout-flex wp-container-core-columns-is-layout-28f84493 wp-block-columns-is-layout-flex\">\n<div class=\"wp-block-column is-vertically-aligned-center is-layout-flow wp-block-column-is-layout-flow\" style=\"padding-top:1em;padding-right:1em;padding-bottom:1em;padding-left:1em\">\n<div class=\"wp-block-columns is-layout-flex wp-container-core-columns-is-layout-28f84493 wp-block-columns-is-layout-flex\">\n<div class=\"wp-block-column is-layout-flow wp-block-column-is-layout-flow\" style=\"flex-basis:320px\">\n<p class=\"has-x-small-font-size\" style=\"line-height:1.2\"><strong>Painel no 7\u00ba Encontro Anual de Economia Pol\u00edtica \u201cProjectifica\u00e7\u00e3o do trabalho: modelos de organiza\u00e7\u00e3o em rede no Portugal contempor\u00e2neo\u201d<\/strong><\/p>\n\n\n\n<p style=\"font-size:clamp(0.875rem, 0.875rem + ((1vw - 0.2rem) * 0.156), 1rem);line-height:1\">Neste painel re\u00fane-se um<br>conjunto de contributos para a reflex\u00e3o acerca das configura\u00e7\u00f5es estruturais do trabalho no Portugal contempor\u00e2neo, 50 anos volvidos do 25 de Abril: &#8220;Agendas pol\u00edticas, Ag\u00eancias financiadoras, e gest\u00e3o de projectos: reflex\u00e3o explorat\u00f3ria em torno do papel dos mecanismos de financiamento nas din\u00e2micas de projectifica\u00e7\u00e3o do trabalho&#8221;; &#8220;Transforma\u00e7\u00f5es no trabalho: O caso dos jornalistas&#8221; &#8211; David Tavares, No\u00e9mia Lopes, Carlos Gon\u00e7alves; &#8220;Ciclos de desigualdade do rendimento nas democracias de Portugal e Espanha&#8221; &#8211; Alexandre Mergulh\u00e3o; &#8220;Espa\u00e7os de trabalho colaborativo: moldando o futuro do trabalho&#8221; &#8211; Elisabete Tomaz e Assun\u00e7\u00e3o Gato | Lisboa, Janeiro 2024<\/p>\n<\/div>\n<\/div>\n<\/div>\n\n\n\n<div class=\"wp-block-column is-layout-flow wp-block-column-is-layout-flow\" style=\"flex-basis:50%\">\n<div class=\"wp-block-cover wp-duotone-default-filter\" style=\"min-height:395px;aspect-ratio:unset;\"><span aria-hidden=\"true\" class=\"wp-block-cover__background has-background-dim-100 has-background-dim\" style=\"background-color:#f6f6f6\"><\/span><div class=\"wp-block-cover__inner-container is-layout-flow wp-block-cover-is-layout-flow\">\n<figure class=\"wp-block-image aligncenter size-medium wp-duotone-763dfb-ffffff-3\"><a href=\"https:\/\/prowork.iscte-iul.pt\/wp-content\/uploads\/2024\/02\/PROWORK_EcPol2024.pdf\"><img loading=\"lazy\" decoding=\"async\" width=\"300\" height=\"169\" src=\"https:\/\/prowork.iscte-iul.pt\/wp-content\/uploads\/2024\/02\/PROWORK_communication_AS_PCU_26.01.2024_final-300x169.png\" alt=\"\" class=\"wp-image-139\" style=\"aspect-ratio:4\/3;object-fit:contain\" srcset=\"https:\/\/prowork.iscte-iul.pt\/wp-content\/uploads\/2024\/02\/PROWORK_communication_AS_PCU_26.01.2024_final-300x169.png 300w, https:\/\/prowork.iscte-iul.pt\/wp-content\/uploads\/2024\/02\/PROWORK_communication_AS_PCU_26.01.2024_final-1024x576.png 1024w, https:\/\/prowork.iscte-iul.pt\/wp-content\/uploads\/2024\/02\/PROWORK_communication_AS_PCU_26.01.2024_final-768x432.png 768w, https:\/\/prowork.iscte-iul.pt\/wp-content\/uploads\/2024\/02\/PROWORK_communication_AS_PCU_26.01.2024_final-1536x864.png 1536w, https:\/\/prowork.iscte-iul.pt\/wp-content\/uploads\/2024\/02\/PROWORK_communication_AS_PCU_26.01.2024_final.png 1557w\" sizes=\"auto, (max-width: 300px) 100vw, 300px\" \/><\/a><\/figure>\n<\/div><\/div>\n<\/div>\n<\/div>\n\n\n\n<div class=\"wp-block-columns alignfull is-layout-flex wp-container-core-columns-is-layout-28f84493 wp-block-columns-is-layout-flex\">\n<div class=\"wp-block-column is-layout-flow wp-block-column-is-layout-flow\" style=\"flex-basis:50%\">\n<div class=\"wp-block-cover is-light wp-duotone-default-filter\" style=\"min-height:395px;aspect-ratio:unset;\"><span aria-hidden=\"true\" class=\"wp-block-cover__background has-background-dim-100 has-background-dim\" style=\"background-color:#f6f6f6\"><\/span><div class=\"wp-block-cover__inner-container is-layout-flow wp-block-cover-is-layout-flow\">\n<figure class=\"wp-block-image aligncenter size-medium wp-duotone-763dfb-ffffff-4\"><a href=\"https:\/\/prowork.iscte-iul.pt\/wp-content\/uploads\/2024\/03\/EcPol2024_VelosoMarques-1.png\"><img loading=\"lazy\" decoding=\"async\" width=\"300\" height=\"169\" src=\"https:\/\/prowork.iscte-iul.pt\/wp-content\/uploads\/2024\/03\/EcPol2024_VelosoMarques-300x169.png\" alt=\"\" class=\"wp-image-530\" style=\"aspect-ratio:4\/3;object-fit:contain\" srcset=\"https:\/\/prowork.iscte-iul.pt\/wp-content\/uploads\/2024\/03\/EcPol2024_VelosoMarques-300x169.png 300w, https:\/\/prowork.iscte-iul.pt\/wp-content\/uploads\/2024\/03\/EcPol2024_VelosoMarques-1024x576.png 1024w, https:\/\/prowork.iscte-iul.pt\/wp-content\/uploads\/2024\/03\/EcPol2024_VelosoMarques-768x432.png 768w, https:\/\/prowork.iscte-iul.pt\/wp-content\/uploads\/2024\/03\/EcPol2024_VelosoMarques-1536x864.png 1536w, https:\/\/prowork.iscte-iul.pt\/wp-content\/uploads\/2024\/03\/EcPol2024_VelosoMarques-18x10.png 18w, https:\/\/prowork.iscte-iul.pt\/wp-content\/uploads\/2024\/03\/EcPol2024_VelosoMarques.png 1557w\" sizes=\"auto, (max-width: 300px) 100vw, 300px\" \/><\/a><\/figure>\n<\/div><\/div>\n<\/div>\n\n\n\n<div class=\"wp-block-column is-vertically-aligned-center is-layout-flow wp-block-column-is-layout-flow\" style=\"padding-top:1em;padding-right:1em;padding-bottom:1em;padding-left:1em\">\n<div class=\"wp-block-columns is-layout-flex wp-container-core-columns-is-layout-28f84493 wp-block-columns-is-layout-flex\">\n<div class=\"wp-block-column is-layout-flow wp-block-column-is-layout-flow\" style=\"flex-basis:320px\">\n<p class=\"has-x-small-font-size\" style=\"line-height:1.3\"><strong>Comunica\u00e7\u00e3o no 7\u00ba Encontro Anual de Economia Pol\u00edtica<\/strong><\/p>\n\n\n\n<p style=\"font-size:clamp(0.875rem, 0.875rem + ((1vw - 0.2rem) * 0.156), 1rem);line-height:1.3\">&#8220;Flexibilidade, precariedade e modalidades de organiza\u00e7\u00e3o coletiva no setor art\u00edstico em Portugal&#8221; | Lisboa, Janeiro 2024<\/p>\n<\/div>\n<\/div>\n<\/div>\n<\/div>\n\n\n\n<div class=\"wp-block-columns alignfull is-layout-flex wp-container-core-columns-is-layout-28f84493 wp-block-columns-is-layout-flex\">\n<div class=\"wp-block-column is-vertically-aligned-center is-layout-flow wp-block-column-is-layout-flow\" style=\"padding-top:1em;padding-right:1em;padding-bottom:1em;padding-left:1em\">\n<div class=\"wp-block-columns is-layout-flex wp-container-core-columns-is-layout-28f84493 wp-block-columns-is-layout-flex\">\n<div class=\"wp-block-column is-layout-flow wp-block-column-is-layout-flow\" style=\"flex-basis:320px\">\n<p class=\"has-x-small-font-size\" style=\"line-height:1.3\"><strong>Escola de Inverno do Encontro Anual de Economia Pol\u00edtica<\/strong><\/p>\n\n\n\n<p style=\"font-size:clamp(0.875rem, 0.875rem + ((1vw - 0.2rem) * 0.156), 1rem);line-height:1.3\">Laborat\u00f3rio sobre o projeto PROWORK | Lisboa, Janeiro 2024<\/p>\n<\/div>\n<\/div>\n<\/div>\n\n\n\n<div class=\"wp-block-column is-layout-flow wp-block-column-is-layout-flow\" style=\"flex-basis:50%\">\n<div class=\"wp-block-cover wp-duotone-default-filter\" style=\"min-height:395px;aspect-ratio:unset;\"><span aria-hidden=\"true\" class=\"wp-block-cover__background has-background-dim-100 has-background-dim\" style=\"background-color:#f6f6f6\"><\/span><div class=\"wp-block-cover__inner-container is-layout-flow wp-block-cover-is-layout-flow\">\n<figure class=\"wp-block-image aligncenter size-medium wp-duotone-763dfb-ffffff-5\"><a href=\"https:\/\/prowork.iscte-iul.pt\/wp-content\/uploads\/2024\/03\/PROWORK_Escola-de-Inverno_Ec_Pol_25_Jan_2024.pdf\"><img loading=\"lazy\" decoding=\"async\" width=\"300\" height=\"169\" src=\"https:\/\/prowork.iscte-iul.pt\/wp-content\/uploads\/2024\/03\/PROWORK_Escola-de-Inverno_Ec_Pol_25_Jan_2024-300x169.png\" alt=\"\" class=\"wp-image-529\" style=\"aspect-ratio:4\/3;object-fit:contain\" srcset=\"https:\/\/prowork.iscte-iul.pt\/wp-content\/uploads\/2024\/03\/PROWORK_Escola-de-Inverno_Ec_Pol_25_Jan_2024-300x169.png 300w, https:\/\/prowork.iscte-iul.pt\/wp-content\/uploads\/2024\/03\/PROWORK_Escola-de-Inverno_Ec_Pol_25_Jan_2024-1024x576.png 1024w, https:\/\/prowork.iscte-iul.pt\/wp-content\/uploads\/2024\/03\/PROWORK_Escola-de-Inverno_Ec_Pol_25_Jan_2024-768x432.png 768w, https:\/\/prowork.iscte-iul.pt\/wp-content\/uploads\/2024\/03\/PROWORK_Escola-de-Inverno_Ec_Pol_25_Jan_2024-1536x864.png 1536w, https:\/\/prowork.iscte-iul.pt\/wp-content\/uploads\/2024\/03\/PROWORK_Escola-de-Inverno_Ec_Pol_25_Jan_2024-18x10.png 18w, https:\/\/prowork.iscte-iul.pt\/wp-content\/uploads\/2024\/03\/PROWORK_Escola-de-Inverno_Ec_Pol_25_Jan_2024.png 1557w\" sizes=\"auto, (max-width: 300px) 100vw, 300px\" \/><\/a><\/figure>\n<\/div><\/div>\n<\/div>\n<\/div>\n\n\n\n<div class=\"wp-block-columns alignfull is-layout-flex wp-container-core-columns-is-layout-28f84493 wp-block-columns-is-layout-flex\">\n<div class=\"wp-block-column is-layout-flow wp-block-column-is-layout-flow\" style=\"flex-basis:50%\">\n<div class=\"wp-block-cover wp-duotone-default-filter\" style=\"min-height:395px;aspect-ratio:unset;\"><span aria-hidden=\"true\" class=\"wp-block-cover__background has-background-dim-100 has-background-dim\" style=\"background-color:#f6f6f6\"><\/span><div class=\"wp-block-cover__inner-container is-layout-flow wp-block-cover-is-layout-flow\">\n<figure class=\"wp-block-image aligncenter size-medium wp-duotone-763dfb-ffffff-6\"><a href=\"https:\/\/prowork.iscte-iul.pt\/wp-content\/uploads\/2024\/02\/IIPPE_2023_VelosoMarques_vf.pdf\"><img loading=\"lazy\" decoding=\"async\" width=\"300\" height=\"169\" src=\"https:\/\/prowork.iscte-iul.pt\/wp-content\/uploads\/2024\/03\/IIPPE_2023_VelosoMarques_vf-1-300x169.png\" alt=\"\" class=\"wp-image-532\" style=\"aspect-ratio:4\/3;object-fit:contain\" srcset=\"https:\/\/prowork.iscte-iul.pt\/wp-content\/uploads\/2024\/03\/IIPPE_2023_VelosoMarques_vf-1-300x169.png 300w, https:\/\/prowork.iscte-iul.pt\/wp-content\/uploads\/2024\/03\/IIPPE_2023_VelosoMarques_vf-1-1024x576.png 1024w, https:\/\/prowork.iscte-iul.pt\/wp-content\/uploads\/2024\/03\/IIPPE_2023_VelosoMarques_vf-1-768x432.png 768w, https:\/\/prowork.iscte-iul.pt\/wp-content\/uploads\/2024\/03\/IIPPE_2023_VelosoMarques_vf-1-1536x864.png 1536w, https:\/\/prowork.iscte-iul.pt\/wp-content\/uploads\/2024\/03\/IIPPE_2023_VelosoMarques_vf-1-18x10.png 18w, https:\/\/prowork.iscte-iul.pt\/wp-content\/uploads\/2024\/03\/IIPPE_2023_VelosoMarques_vf-1.png 1557w\" sizes=\"auto, (max-width: 300px) 100vw, 300px\" \/><\/a><\/figure>\n<\/div><\/div>\n<\/div>\n\n\n\n<div class=\"wp-block-column is-vertically-aligned-center is-layout-flow wp-block-column-is-layout-flow\" style=\"padding-top:1em;padding-right:1em;padding-bottom:1em;padding-left:1em\">\n<div class=\"wp-block-columns is-layout-flex wp-container-core-columns-is-layout-28f84493 wp-block-columns-is-layout-flex\">\n<div class=\"wp-block-column is-layout-flow wp-block-column-is-layout-flow\" style=\"flex-basis:320px\">\n<p class=\"has-x-small-font-size\" style=\"line-height:1.3\"><strong>2023 IIPPE Annual Conference &#8211; International Initiative for Promoting Political Economy<\/strong><\/p>\n\n\n\n<p style=\"font-size:clamp(0.875rem, 0.875rem + ((1vw - 0.2rem) * 0.156), 1rem);line-height:1.3\">&#8220;<em>On the edge of crises: impacts on Portuguese performing artists<\/em>&#8221; | Madrid, Setembro 2023<\/p>\n<\/div>\n<\/div>\n<\/div>\n<\/div>\n\n\n\n<div class=\"wp-block-columns alignfull is-layout-flex wp-container-core-columns-is-layout-28f84493 wp-block-columns-is-layout-flex\">\n<div class=\"wp-block-column is-vertically-aligned-center is-layout-flow wp-block-column-is-layout-flow\" style=\"padding-top:1em;padding-right:1em;padding-bottom:1em;padding-left:1em\">\n<div class=\"wp-block-columns is-layout-flex wp-container-core-columns-is-layout-28f84493 wp-block-columns-is-layout-flex\">\n<div class=\"wp-block-column is-layout-flow wp-block-column-is-layout-flow\" style=\"flex-basis:320px\">\n<p class=\"has-x-small-font-size\" style=\"line-height:1.3\"><strong>Semin\u00e1rio PROWORK na FCT Nova<\/strong><\/p>\n\n\n\n<p style=\"font-size:clamp(0.875rem, 0.875rem + ((1vw - 0.2rem) * 0.156), 1rem);line-height:1.3\">Semin\u00e1rio de apresenta\u00e7\u00e3o do projeto PROWORK \u2013 Projectifica\u00e7\u00e3o do trabalho: modelos de organiza\u00e7\u00e3o em rede nas sociedades capitalistas contempor\u00e2neas | Costa da Caparica, Maio 2023<\/p>\n<\/div>\n<\/div>\n<\/div>\n\n\n\n<div class=\"wp-block-column is-layout-flow wp-block-column-is-layout-flow\" style=\"flex-basis:50%\">\n<div class=\"wp-block-cover wp-duotone-default-filter\" style=\"min-height:395px;aspect-ratio:unset;\"><span aria-hidden=\"true\" class=\"wp-block-cover__background has-background-dim-100 has-background-dim\" style=\"background-color:#f6f6f6\"><\/span><div class=\"wp-block-cover__inner-container is-layout-flow wp-block-cover-is-layout-flow\">\n<figure class=\"wp-block-image aligncenter size-medium wp-duotone-763dfb-ffffff-7\"><a href=\"https:\/\/prowork.iscte-iul.pt\/wp-content\/uploads\/2024\/02\/02.05.2023-Apresentacao_FCT.pdf\"><img loading=\"lazy\" decoding=\"async\" width=\"300\" height=\"169\" src=\"https:\/\/prowork.iscte-iul.pt\/wp-content\/uploads\/2024\/02\/02.05.2023-Apresentacao_FCT-300x169.png\" alt=\"\" class=\"wp-image-147\" style=\"aspect-ratio:4\/3;object-fit:contain\" srcset=\"https:\/\/prowork.iscte-iul.pt\/wp-content\/uploads\/2024\/02\/02.05.2023-Apresentacao_FCT-300x169.png 300w, https:\/\/prowork.iscte-iul.pt\/wp-content\/uploads\/2024\/02\/02.05.2023-Apresentacao_FCT-1024x576.png 1024w, https:\/\/prowork.iscte-iul.pt\/wp-content\/uploads\/2024\/02\/02.05.2023-Apresentacao_FCT-768x432.png 768w, https:\/\/prowork.iscte-iul.pt\/wp-content\/uploads\/2024\/02\/02.05.2023-Apresentacao_FCT-1536x864.png 1536w, https:\/\/prowork.iscte-iul.pt\/wp-content\/uploads\/2024\/02\/02.05.2023-Apresentacao_FCT.png 1557w\" sizes=\"auto, (max-width: 300px) 100vw, 300px\" \/><\/a><\/figure>\n<\/div><\/div>\n<\/div>\n<\/div>","protected":false},"excerpt":{"rendered":"<p>16th European Sociological Association (ESA) Conference RN17 &#8211; Work, Employment and Industrial Relations | Porto, Agosto 2024 A symposium on Walter Benjamin and methods in management and organization studies &#8220;Projectifying work: old ideas turned new in contemporary capitalist organisation models&#8221;&nbsp;|Anglia Ruskin University, Cambridge, Maio 2024 Painel no 7\u00ba Encontro Anual de Economia Pol\u00edtica \u201cProjectifica\u00e7\u00e3o do [&hellip;]<\/p>","protected":false},"author":1,"featured_media":0,"parent":116,"menu_order":0,"comment_status":"closed","ping_status":"closed","template":"","meta":{"_uag_custom_page_level_css":"","footnotes":""},"class_list":["post-136","page","type-page","status-publish","hentry"],"uagb_featured_image_src":{"full":false,"thumbnail":false,"medium":false,"medium_large":false,"large":false,"1536x1536":false,"2048x2048":false,"trp-custom-language-flag":false},"uagb_author_info":{"display_name":"jsmes","author_link":"https:\/\/prowork.iscte-iul.pt\/en\/author\/jsmes\/"},"uagb_comment_info":0,"uagb_excerpt":"16th European Sociological Association (ESA) Conference RN17 &#8211; Work, Employment and Industrial Relations | Porto, Agosto 2024 A symposium on Walter Benjamin and methods in management and organization studies &#8220;Projectifying work: old ideas turned new in contemporary capitalist organisation models&#8221;&nbsp;|Anglia Ruskin University, Cambridge, Maio 2024 Painel no 7\u00ba Encontro Anual de Economia Pol\u00edtica \u201cProjectifica\u00e7\u00e3o do&hellip;","_links":{"self":[{"href":"https:\/\/prowork.iscte-iul.pt\/en\/wp-json\/wp\/v2\/pages\/136","targetHints":{"allow":["GET"]}}],"collection":[{"href":"https:\/\/prowork.iscte-iul.pt\/en\/wp-json\/wp\/v2\/pages"}],"about":[{"href":"https:\/\/prowork.iscte-iul.pt\/en\/wp-json\/wp\/v2\/types\/page"}],"author":[{"embeddable":true,"href":"https:\/\/prowork.iscte-iul.pt\/en\/wp-json\/wp\/v2\/users\/1"}],"replies":[{"embeddable":true,"href":"https:\/\/prowork.iscte-iul.pt\/en\/wp-json\/wp\/v2\/comments?post=136"}],"version-history":[{"count":35,"href":"https:\/\/prowork.iscte-iul.pt\/en\/wp-json\/wp\/v2\/pages\/136\/revisions"}],"predecessor-version":[{"id":658,"href":"https:\/\/prowork.iscte-iul.pt\/en\/wp-json\/wp\/v2\/pages\/136\/revisions\/658"}],"up":[{"embeddable":true,"href":"https:\/\/prowork.iscte-iul.pt\/en\/wp-json\/wp\/v2\/pages\/116"}],"wp:attachment":[{"href":"https:\/\/prowork.iscte-iul.pt\/en\/wp-json\/wp\/v2\/media?parent=136"}],"curies":[{"name":"wp","href":"https:\/\/api.w.org\/{rel}","templated":true}]}}